{"id":4544,"date":"2022-12-09T17:05:20","date_gmt":"2022-12-09T13:05:20","guid":{"rendered":"https:\/\/turkeyvisas.com\/about-us\/"},"modified":"2024-08-16T20:27:39","modified_gmt":"2024-08-16T16:27:39","slug":"sobre-nosotros","status":"publish","type":"page","link":"https:\/\/mav.turkeyvisas.com\/es\/sobre-nosotros\/","title":{"rendered":"Sobre nosotros"},"content":{"rendered":"\t\t<div data-elementor-type=\"wp-page\" data-elementor-id=\"4544\" class=\"elementor elementor-4544 elementor-2877\" data-elementor-post-type=\"page\">\n\t\t\t\t\t\t<section class=\"elementor-section elementor-top-section elementor-element elementor-element-72a30416 elementor-section-content-middle elementor-section-boxed elementor-section-height-default elementor-section-height-default\" data-id=\"72a30416\" data-element_type=\"section\">\n\t\t\t\t\t\t<div class=\"elementor-container elementor-column-gap-no\">\n\t\t\t\t\t<div class=\"elementor-column elementor-col-100 elementor-top-column elementor-element elementor-element-3d3922c9\" data-id=\"3d3922c9\" data-element_type=\"column\">\n\t\t\t<div class=\"elementor-widget-wrap elementor-element-populated\">\n\t\t\t\t\t\t<section class=\"elementor-section elementor-inner-section elementor-element elementor-element-c7a92f7 elementor-section-boxed elementor-section-height-default elementor-section-height-default\" data-id=\"c7a92f7\" data-element_type=\"section\">\n\t\t\t\t\t\t<div class=\"elementor-container elementor-column-gap-default\">\n\t\t\t\t\t<div class=\"elementor-column elementor-col-100 elementor-inner-column elementor-element elementor-element-5616d926\" data-id=\"5616d926\" data-element_type=\"column\">\n\t\t\t<div class=\"elementor-widget-wrap elementor-element-populated\">\n\t\t\t\t\t\t<div class=\"elementor-element elementor-element-57222734 elementor-widget elementor-widget-heading\" data-id=\"57222734\" data-element_type=\"widget\" data-widget_type=\"heading.default\">\n\t\t\t\t<div class=\"elementor-widget-container\">\n\t\t\t\t\t<h1 class=\"elementor-heading-title elementor-size-default\">Sobre nosotros<\/h1>\t\t\t\t<\/div>\n\t\t\t\t<\/div>\n\t\t\t\t<div class=\"elementor-element elementor-element-177b1a0d elementor-widget-divider--view-line elementor-widget elementor-widget-divider\" data-id=\"177b1a0d\" data-element_type=\"widget\" data-widget_type=\"divider.default\">\n\t\t\t\t<div class=\"elementor-widget-container\">\n\t\t\t\t\t\t\t<div class=\"elementor-divider\">\n\t\t\t<span class=\"elementor-divider-separator\">\n\t\t\t\t\t\t<\/span>\n\t\t<\/div>\n\t\t\t\t\t\t<\/div>\n\t\t\t\t<\/div>\n\t\t\t\t<div class=\"elementor-element elementor-element-54a4762a elementor-widget elementor-widget-text-editor\" data-id=\"54a4762a\" data-element_type=\"widget\" data-widget_type=\"text-editor.default\">\n\t\t\t\t<div class=\"elementor-widget-container\">\n\t\t\t\t\t\t\t\t\t<p>Bienvenido a TurkeyVisas.com, su p\u00e1gina web imprescindible para gestionar visados turcos, y que es propiedad y est\u00e1 desarrollada por ETA World Travels &amp; Tourism L.L.C, una compa\u00f1\u00eda especializada en viajes y turismo autorizada por el gobierno de Dub\u00e1i. TurkeyVisas.com es donde puede procesar su solicitud de visado turco, as\u00ed como beneficiarse de una variedad de servicios por parte de nuestro equipo de expertos, formados para orientarle satisfactoriamente a trav\u00e9s de la preparaci\u00f3n y proceso de su solicitud del visado turco.<\/p><p>Nuestro equipo multiling\u00fce puede ayudarle online mientras solicita su visado turco, as\u00ed como revisar sus solicitudes y documentos en su preparaci\u00f3n, corregir cualquier error y asegurarse de que no falta ning\u00fan documento o informaci\u00f3n antes de presentarlo a las autoridades turcas.<\/p><p>Los visados electr\u00f3nicos de Turqu\u00eda generalmente se emiten en 48 horas h\u00e1biles, y despu\u00e9s de su autorizaci\u00f3n, le enviaremos directamente por correo electr\u00f3nico su visado. La Rep\u00fablica de Turqu\u00eda es la \u00fanica entidad que puede realmente autorizar el visado, pero nos aseguraremos de que pasar\u00e1 por el proceso de solicitud de la manera m\u00e1s eficiente posible.<\/p><p>Nuestra p\u00e1gina web ha sido dise\u00f1ada para ofrecer a los usuarios una experiencia sin molestias a trav\u00e9s de unas p\u00e1ginas web f\u00e1ciles de usar con todos los pasos detallaos, adem\u00e1s de un formulario de solicitud online muy sencillo. Pero, lo m\u00e1s importante, es que nuestra p\u00e1gina web es totalmente segura a la hora de proteger su informaci\u00f3n personal y las actividades de pago online.<\/p><p>TurkeyVisas.com est\u00e1 a su servicio las 24\/7, para recibir, revisar, procesar y presentar sus solicitudes de visados, y todo, con una tarifa muy razonable.<\/p><p>Eche un vistazo en nuestra p\u00e1gina web para saber todo lo que necesita sobre los visados de Turqu\u00eda y el proceso de solicitud, y est\u00e9 al d\u00eda con nuestras \u00faltimas noticias, actualizaciones y art\u00edculos m\u00e1s recientes.<\/p>\t\t\t\t\t\t\t\t<\/div>\n\t\t\t\t<\/div>\n\t\t\t\t\t<\/div>\n\t\t<\/div>\n\t\t\t\t\t<\/div>\n\t\t<\/section>\n\t\t\t\t\t<\/div>\n\t\t<\/div>\n\t\t\t\t\t<\/div>\n\t\t<\/section>\n\t\t\t\t<\/div>\n\t\t","protected":false},"excerpt":{"rendered":"<p>Sobre nosotros Bienvenido a TurkeyVisas.com, su p\u00e1gina web imprescindible para gestionar visados turcos, y que es propiedad y est\u00e1 desarrollada por ETA World Travels &amp; Tourism L.L.C, una compa\u00f1\u00eda especializada en viajes y turismo autorizada por el gobierno de Dub\u00e1i. TurkeyVisas.com es donde puede procesar su solicitud de visado turco, as\u00ed como beneficiarse de una [&hellip;]<\/p>\n","protected":false},"author":1,"featured_media":0,"parent":0,"menu_order":0,"comment_status":"closed","ping_status":"closed","template":"","meta":{"footnotes":""},"class_list":["post-4544","page","type-page","status-publish","hentry"],"yoast_head":"<!-- This site is optimized with the Yoast SEO Premium plugin v23.3 (Yoast SEO v23.5) - https:\/\/yoast.com\/wordpress\/plugins\/seo\/ -->\n<title>Sobre nosotros | TurkeyVisas.com<\/title>\n<meta name=\"description\" content=\"TurkeyVisas.com es la p\u00e1gina web imprescindible para obtener los visados a Turqu\u00eda, cuya titularidad y gesti\u00f3n pertenece a YOYO TRAVELS, una compa\u00f1\u00eda especializada en viajes y turismo.\" \/>\n<meta name=\"robots\" content=\"noindex, follow, max-snippet:-1, max-image-preview:large, max-video-preview:-1\" \/>\n<meta property=\"og:locale\" content=\"es_ES\" \/>\n<meta property=\"og:type\" content=\"article\" \/>\n<meta property=\"og:title\" content=\"Sobre nosotros\" \/>\n<meta property=\"og:description\" content=\"TurkeyVisas.com es la p\u00e1gina web imprescindible para obtener los visados a Turqu\u00eda, cuya titularidad y gesti\u00f3n pertenece a YOYO TRAVELS, una compa\u00f1\u00eda especializada en viajes y turismo.\" \/>\n<meta property=\"og:url\" content=\"https:\/\/mav.turkeyvisas.com\/about-us\/\" \/>\n<meta property=\"og:site_name\" content=\"TurkeyVisas.com\" \/>\n<meta property=\"article:modified_time\" content=\"2024-08-16T16:27:39+00:00\" \/>\n<meta name=\"twitter:card\" content=\"summary_large_image\" \/>\n<meta name=\"twitter:label1\" content=\"Tiempo de lectura\" \/>\n\t<meta name=\"twitter:data1\" content=\"2 minutos\" \/>\n<script type=\"application\/ld+json\" class=\"yoast-schema-graph\">{\"@context\":\"https:\/\/schema.org\",\"@graph\":[{\"@type\":\"WebPage\",\"@id\":\"https:\/\/mav.turkeyvisas.com\/about-us\/\",\"url\":\"https:\/\/mav.turkeyvisas.com\/about-us\/\",\"name\":\"Sobre nosotros | TurkeyVisas.com\",\"isPartOf\":{\"@id\":\"https:\/\/mav.turkeyvisas.com\/ar\/#website\"},\"datePublished\":\"2022-12-09T13:05:20+00:00\",\"dateModified\":\"2024-08-16T16:27:39+00:00\",\"description\":\"TurkeyVisas.com es la p\u00e1gina web imprescindible para obtener los visados a Turqu\u00eda, cuya titularidad y gesti\u00f3n pertenece a YOYO TRAVELS, una compa\u00f1\u00eda especializada en viajes y turismo.\",\"breadcrumb\":{\"@id\":\"https:\/\/mav.turkeyvisas.com\/about-us\/#breadcrumb\"},\"inLanguage\":\"es\",\"potentialAction\":[{\"@type\":\"ReadAction\",\"target\":[\"https:\/\/mav.turkeyvisas.com\/about-us\/\"]}]},{\"@type\":\"BreadcrumbList\",\"@id\":\"https:\/\/mav.turkeyvisas.com\/about-us\/#breadcrumb\",\"itemListElement\":[{\"@type\":\"ListItem\",\"position\":1,\"name\":\"Home\",\"item\":\"https:\/\/mav.turkeyvisas.com\/es\/\"},{\"@type\":\"ListItem\",\"position\":2,\"name\":\"Sobre nosotros\"}]},{\"@type\":\"WebSite\",\"@id\":\"https:\/\/mav.turkeyvisas.com\/ar\/#website\",\"url\":\"https:\/\/mav.turkeyvisas.com\/ar\/\",\"name\":\"TurkeyVisas.com\",\"description\":\"Turkey visa online\",\"publisher\":{\"@id\":\"https:\/\/mav.turkeyvisas.com\/ar\/#organization\"},\"potentialAction\":[{\"@type\":\"SearchAction\",\"target\":{\"@type\":\"EntryPoint\",\"urlTemplate\":\"https:\/\/mav.turkeyvisas.com\/ar\/?s={search_term_string}\"},\"query-input\":{\"@type\":\"PropertyValueSpecification\",\"valueRequired\":true,\"valueName\":\"search_term_string\"}}],\"inLanguage\":\"es\"},{\"@type\":\"Organization\",\"@id\":\"https:\/\/mav.turkeyvisas.com\/ar\/#organization\",\"name\":\"TurkeyVisas.com\",\"url\":\"https:\/\/mav.turkeyvisas.com\/ar\/\",\"logo\":{\"@type\":\"ImageObject\",\"inLanguage\":\"es\",\"@id\":\"https:\/\/mav.turkeyvisas.com\/ar\/#\/schema\/logo\/image\/\",\"url\":\"https:\/\/mav.turkeyvisas.com\/wp-content\/uploads\/2022\/04\/logo.svg\",\"contentUrl\":\"https:\/\/mav.turkeyvisas.com\/wp-content\/uploads\/2022\/04\/logo.svg\",\"width\":139,\"height\":21,\"caption\":\"TurkeyVisas.com\"},\"image\":{\"@id\":\"https:\/\/mav.turkeyvisas.com\/ar\/#\/schema\/logo\/image\/\"}}]}<\/script>\n<!-- \/ Yoast SEO Premium plugin. -->","yoast_head_json":{"title":"Sobre nosotros | TurkeyVisas.com","description":"TurkeyVisas.com es la p\u00e1gina web imprescindible para obtener los visados a Turqu\u00eda, cuya titularidad y gesti\u00f3n pertenece a YOYO TRAVELS, una compa\u00f1\u00eda especializada en viajes y turismo.","robots":{"index":"noindex","follow":"follow","max-snippet":"max-snippet:-1","max-image-preview":"max-image-preview:large","max-video-preview":"max-video-preview:-1"},"og_locale":"es_ES","og_type":"article","og_title":"Sobre nosotros","og_description":"TurkeyVisas.com es la p\u00e1gina web imprescindible para obtener los visados a Turqu\u00eda, cuya titularidad y gesti\u00f3n pertenece a YOYO TRAVELS, una compa\u00f1\u00eda especializada en viajes y turismo.","og_url":"https:\/\/mav.turkeyvisas.com\/about-us\/","og_site_name":"TurkeyVisas.com","article_modified_time":"2024-08-16T16:27:39+00:00","twitter_card":"summary_large_image","twitter_misc":{"Tiempo de lectura":"2 minutos"},"schema":{"@context":"https:\/\/schema.org","@graph":[{"@type":"WebPage","@id":"https:\/\/mav.turkeyvisas.com\/about-us\/","url":"https:\/\/mav.turkeyvisas.com\/about-us\/","name":"Sobre nosotros | TurkeyVisas.com","isPartOf":{"@id":"https:\/\/mav.turkeyvisas.com\/ar\/#website"},"datePublished":"2022-12-09T13:05:20+00:00","dateModified":"2024-08-16T16:27:39+00:00","description":"TurkeyVisas.com es la p\u00e1gina web imprescindible para obtener los visados a Turqu\u00eda, cuya titularidad y gesti\u00f3n pertenece a YOYO TRAVELS, una compa\u00f1\u00eda especializada en viajes y turismo.","breadcrumb":{"@id":"https:\/\/mav.turkeyvisas.com\/about-us\/#breadcrumb"},"inLanguage":"es","potentialAction":[{"@type":"ReadAction","target":["https:\/\/mav.turkeyvisas.com\/about-us\/"]}]},{"@type":"BreadcrumbList","@id":"https:\/\/mav.turkeyvisas.com\/about-us\/#breadcrumb","itemListElement":[{"@type":"ListItem","position":1,"name":"Home","item":"https:\/\/mav.turkeyvisas.com\/es\/"},{"@type":"ListItem","position":2,"name":"Sobre nosotros"}]},{"@type":"WebSite","@id":"https:\/\/mav.turkeyvisas.com\/ar\/#website","url":"https:\/\/mav.turkeyvisas.com\/ar\/","name":"TurkeyVisas.com","description":"Turkey visa online","publisher":{"@id":"https:\/\/mav.turkeyvisas.com\/ar\/#organization"},"potentialAction":[{"@type":"SearchAction","target":{"@type":"EntryPoint","urlTemplate":"https:\/\/mav.turkeyvisas.com\/ar\/?s={search_term_string}"},"query-input":{"@type":"PropertyValueSpecification","valueRequired":true,"valueName":"search_term_string"}}],"inLanguage":"es"},{"@type":"Organization","@id":"https:\/\/mav.turkeyvisas.com\/ar\/#organization","name":"TurkeyVisas.com","url":"https:\/\/mav.turkeyvisas.com\/ar\/","logo":{"@type":"ImageObject","inLanguage":"es","@id":"https:\/\/mav.turkeyvisas.com\/ar\/#\/schema\/logo\/image\/","url":"https:\/\/mav.turkeyvisas.com\/wp-content\/uploads\/2022\/04\/logo.svg","contentUrl":"https:\/\/mav.turkeyvisas.com\/wp-content\/uploads\/2022\/04\/logo.svg","width":139,"height":21,"caption":"TurkeyVisas.com"},"image":{"@id":"https:\/\/mav.turkeyvisas.com\/ar\/#\/schema\/logo\/image\/"}}]}},"_links":{"self":[{"href":"https:\/\/mav.turkeyvisas.com\/es\/wp-json\/wp\/v2\/pages\/4544"}],"collection":[{"href":"https:\/\/mav.turkeyvisas.com\/es\/wp-json\/wp\/v2\/pages"}],"about":[{"href":"https:\/\/mav.turkeyvisas.com\/es\/wp-json\/wp\/v2\/types\/page"}],"author":[{"embeddable":true,"href":"https:\/\/mav.turkeyvisas.com\/es\/wp-json\/wp\/v2\/users\/1"}],"replies":[{"embeddable":true,"href":"https:\/\/mav.turkeyvisas.com\/es\/wp-json\/wp\/v2\/comments?post=4544"}],"version-history":[{"count":3,"href":"https:\/\/mav.turkeyvisas.com\/es\/wp-json\/wp\/v2\/pages\/4544\/revisions"}],"predecessor-version":[{"id":6695,"href":"https:\/\/mav.turkeyvisas.com\/es\/wp-json\/wp\/v2\/pages\/4544\/revisions\/6695"}],"wp:attachment":[{"href":"https:\/\/mav.turkeyvisas.com\/es\/wp-json\/wp\/v2\/media?parent=4544"}],"curies":[{"name":"wp","href":"https:\/\/api.w.org\/{rel}","templated":true}]}}