{"id":4136,"date":"2022-12-09T17:05:20","date_gmt":"2022-12-09T13:05:20","guid":{"rendered":"https:\/\/turkeyvisas.com\/about-us\/"},"modified":"2024-08-16T20:27:06","modified_gmt":"2024-08-16T16:27:06","slug":"a-propos","status":"publish","type":"page","link":"https:\/\/mav.turkeyvisas.com\/fr\/a-propos\/","title":{"rendered":"\u00c0 propos"},"content":{"rendered":"\t\t<div data-elementor-type=\"wp-page\" data-elementor-id=\"4136\" class=\"elementor elementor-4136 elementor-2877\" data-elementor-post-type=\"page\">\n\t\t\t\t\t\t<section class=\"elementor-section elementor-top-section elementor-element elementor-element-72a30416 elementor-section-content-middle elementor-section-boxed elementor-section-height-default elementor-section-height-default\" data-id=\"72a30416\" data-element_type=\"section\">\n\t\t\t\t\t\t<div class=\"elementor-container elementor-column-gap-no\">\n\t\t\t\t\t<div class=\"elementor-column elementor-col-100 elementor-top-column elementor-element elementor-element-3d3922c9\" data-id=\"3d3922c9\" data-element_type=\"column\">\n\t\t\t<div class=\"elementor-widget-wrap elementor-element-populated\">\n\t\t\t\t\t\t<section class=\"elementor-section elementor-inner-section elementor-element elementor-element-c7a92f7 elementor-section-boxed elementor-section-height-default elementor-section-height-default\" data-id=\"c7a92f7\" data-element_type=\"section\">\n\t\t\t\t\t\t<div class=\"elementor-container elementor-column-gap-default\">\n\t\t\t\t\t<div class=\"elementor-column elementor-col-100 elementor-inner-column elementor-element elementor-element-5616d926\" data-id=\"5616d926\" data-element_type=\"column\">\n\t\t\t<div class=\"elementor-widget-wrap elementor-element-populated\">\n\t\t\t\t\t\t<div class=\"elementor-element elementor-element-57222734 elementor-widget elementor-widget-heading\" data-id=\"57222734\" data-element_type=\"widget\" data-widget_type=\"heading.default\">\n\t\t\t\t<div class=\"elementor-widget-container\">\n\t\t\t\t\t<h1 class=\"elementor-heading-title elementor-size-default\">\u00c0 propos<\/h1>\t\t\t\t<\/div>\n\t\t\t\t<\/div>\n\t\t\t\t<div class=\"elementor-element elementor-element-177b1a0d elementor-widget-divider--view-line elementor-widget elementor-widget-divider\" data-id=\"177b1a0d\" data-element_type=\"widget\" data-widget_type=\"divider.default\">\n\t\t\t\t<div class=\"elementor-widget-container\">\n\t\t\t\t\t\t\t<div class=\"elementor-divider\">\n\t\t\t<span class=\"elementor-divider-separator\">\n\t\t\t\t\t\t<\/span>\n\t\t<\/div>\n\t\t\t\t\t\t<\/div>\n\t\t\t\t<\/div>\n\t\t\t\t<div class=\"elementor-element elementor-element-54a4762a elementor-widget elementor-widget-text-editor\" data-id=\"54a4762a\" data-element_type=\"widget\" data-widget_type=\"text-editor.default\">\n\t\t\t\t<div class=\"elementor-widget-container\">\n\t\t\t\t\t\t\t\t\t<p>Bienvenue sur TurkeyVisas.com, votre site Web pour les visas turcs, d\u00e9tenu et d\u00e9velopp\u00e9 par ETA World Travels &amp; Tourism L.L.C, une entreprise sp\u00e9cialis\u00e9e dans les voyages et le tourisme et agr\u00e9\u00e9e par le gouvernement de Duba\u00ef. Sur TurkeyVisas.com, vous pouvez pr\u00e9senter votre demande de visa turc et b\u00e9n\u00e9ficier d&rsquo;une gamme de services propos\u00e9s par notre \u00e9quipe d&rsquo;experts, form\u00e9s pour vous guider tout au long des \u00e9tapes de pr\u00e9paration et de traitement de votre demande de visa turc.<br \/>Notre \u00e9quipe multilingue peut vous accompagner en ligne lors de votre demande de visa turc, v\u00e9rifier l\u2019exactitude de vos demandes et vos documents, corriger toute erreur \u00e9ventuelle et s&rsquo;assurer qu&rsquo;aucune information ou document ne manque avant de les d\u00e9poser aupr\u00e8s de l&rsquo;autorit\u00e9 turque.<\/p><p>Les e-Visas turcs sont g\u00e9n\u00e9ralement d\u00e9livr\u00e9s sous 48 heures ouvrables, et apr\u00e8s approbation, nous vous enverrons le visa approuv\u00e9 par e-mail directement dans votre bo\u00eete de r\u00e9ception. La R\u00e9publique de Turquie est la seule entit\u00e9 en mesure d\u2019approuver votre visa, mais nous veillerons \u00e0 ce que vous suiviez le processus de demande de la mani\u00e8re la plus efficace possible.<br \/>Notre site Web a \u00e9t\u00e9 con\u00e7u pour offrir aux utilisateurs une exp\u00e9rience conviviale gr\u00e2ce \u00e0 des pages Web faciles \u00e0 utiliser, \u00e9tape par \u00e9tape, et un formulaire de demande en ligne simple. Plus important encore, notre site Web est enti\u00e8rement s\u00e9curis\u00e9 pour prot\u00e9ger vos informations personnelles et vos activit\u00e9s de paiement en ligne.<\/p><p>TurkeyVisas.com se tient \u00e0 votre disposition 24 heures sur 24, 7 jours sur 7, pour recevoir, examiner, traiter et d\u00e9poser vos demandes de visa, le tout \u00e0 un prix tr\u00e8s raisonnable. Parcourez notre site Web pour tout savoir sur les visas pour la Turquie et le processus de demande, et suivez notre actualit\u00e9, nos mises \u00e0 jour ainsi que nos articles r\u00e9cents.<\/p>\t\t\t\t\t\t\t\t<\/div>\n\t\t\t\t<\/div>\n\t\t\t\t\t<\/div>\n\t\t<\/div>\n\t\t\t\t\t<\/div>\n\t\t<\/section>\n\t\t\t\t\t<\/div>\n\t\t<\/div>\n\t\t\t\t\t<\/div>\n\t\t<\/section>\n\t\t\t\t<\/div>\n\t\t","protected":false},"excerpt":{"rendered":"<p>\u00c0 propos Bienvenue sur TurkeyVisas.com, votre site Web pour les visas turcs, d\u00e9tenu et d\u00e9velopp\u00e9 par ETA World Travels &amp; Tourism L.L.C, une entreprise sp\u00e9cialis\u00e9e dans les voyages et le tourisme et agr\u00e9\u00e9e par le gouvernement de Duba\u00ef. Sur TurkeyVisas.com, vous pouvez pr\u00e9senter votre demande de visa turc et b\u00e9n\u00e9ficier d&rsquo;une gamme de services propos\u00e9s [&hellip;]<\/p>\n","protected":false},"author":1,"featured_media":0,"parent":0,"menu_order":0,"comment_status":"closed","ping_status":"closed","template":"","meta":{"footnotes":""},"class_list":["post-4136","page","type-page","status-publish","hentry"],"yoast_head":"<!-- This site is optimized with the Yoast SEO Premium plugin v23.3 (Yoast SEO v23.5) - https:\/\/yoast.com\/wordpress\/plugins\/seo\/ -->\n<title>\u00c0 propos | TurkeyVisas.com<\/title>\n<meta name=\"description\" content=\"A propos de TurkeyVisas.com - Le site Web des visas turcs est d\u00e9tenu et d\u00e9velopp\u00e9 par YOYO TRAVELS - une entreprise sp\u00e9cialis\u00e9e dans les voyages et le tourisme.\" \/>\n<meta name=\"robots\" content=\"noindex, follow, max-snippet:-1, max-image-preview:large, max-video-preview:-1\" \/>\n<meta property=\"og:locale\" content=\"fr_FR\" \/>\n<meta property=\"og:type\" content=\"article\" \/>\n<meta property=\"og:title\" content=\"\u00c0 propos\" \/>\n<meta property=\"og:description\" content=\"A propos de TurkeyVisas.com - Le site Web des visas turcs est d\u00e9tenu et d\u00e9velopp\u00e9 par YOYO TRAVELS - une entreprise sp\u00e9cialis\u00e9e dans les voyages et le tourisme.\" \/>\n<meta property=\"og:url\" content=\"https:\/\/mav.turkeyvisas.com\/about-us\/\" \/>\n<meta property=\"og:site_name\" content=\"TurkeyVisas.com\" \/>\n<meta property=\"article:modified_time\" content=\"2024-08-16T16:27:06+00:00\" \/>\n<meta name=\"twitter:card\" content=\"summary_large_image\" \/>\n<meta name=\"twitter:label1\" content=\"Dur\u00e9e de lecture estim\u00e9e\" \/>\n\t<meta name=\"twitter:data1\" content=\"2 minutes\" \/>\n<script type=\"application\/ld+json\" class=\"yoast-schema-graph\">{\"@context\":\"https:\/\/schema.org\",\"@graph\":[{\"@type\":\"WebPage\",\"@id\":\"https:\/\/mav.turkeyvisas.com\/about-us\/\",\"url\":\"https:\/\/mav.turkeyvisas.com\/about-us\/\",\"name\":\"\u00c0 propos | TurkeyVisas.com\",\"isPartOf\":{\"@id\":\"https:\/\/mav.turkeyvisas.com\/ar\/#website\"},\"datePublished\":\"2022-12-09T13:05:20+00:00\",\"dateModified\":\"2024-08-16T16:27:06+00:00\",\"description\":\"A propos de TurkeyVisas.com - Le site Web des visas turcs est d\u00e9tenu et d\u00e9velopp\u00e9 par YOYO TRAVELS - une entreprise sp\u00e9cialis\u00e9e dans les voyages et le tourisme.\",\"breadcrumb\":{\"@id\":\"https:\/\/mav.turkeyvisas.com\/about-us\/#breadcrumb\"},\"inLanguage\":\"fr-FR\",\"potentialAction\":[{\"@type\":\"ReadAction\",\"target\":[\"https:\/\/mav.turkeyvisas.com\/about-us\/\"]}]},{\"@type\":\"BreadcrumbList\",\"@id\":\"https:\/\/mav.turkeyvisas.com\/about-us\/#breadcrumb\",\"itemListElement\":[{\"@type\":\"ListItem\",\"position\":1,\"name\":\"Home\",\"item\":\"https:\/\/mav.turkeyvisas.com\/fr\/\"},{\"@type\":\"ListItem\",\"position\":2,\"name\":\"\u00c0 propos\"}]},{\"@type\":\"WebSite\",\"@id\":\"https:\/\/mav.turkeyvisas.com\/ar\/#website\",\"url\":\"https:\/\/mav.turkeyvisas.com\/ar\/\",\"name\":\"TurkeyVisas.com\",\"description\":\"Turkey visa online\",\"publisher\":{\"@id\":\"https:\/\/mav.turkeyvisas.com\/ar\/#organization\"},\"potentialAction\":[{\"@type\":\"SearchAction\",\"target\":{\"@type\":\"EntryPoint\",\"urlTemplate\":\"https:\/\/mav.turkeyvisas.com\/ar\/?s={search_term_string}\"},\"query-input\":{\"@type\":\"PropertyValueSpecification\",\"valueRequired\":true,\"valueName\":\"search_term_string\"}}],\"inLanguage\":\"fr-FR\"},{\"@type\":\"Organization\",\"@id\":\"https:\/\/mav.turkeyvisas.com\/ar\/#organization\",\"name\":\"TurkeyVisas.com\",\"url\":\"https:\/\/mav.turkeyvisas.com\/ar\/\",\"logo\":{\"@type\":\"ImageObject\",\"inLanguage\":\"fr-FR\",\"@id\":\"https:\/\/mav.turkeyvisas.com\/ar\/#\/schema\/logo\/image\/\",\"url\":\"https:\/\/mav.turkeyvisas.com\/wp-content\/uploads\/2022\/04\/logo.svg\",\"contentUrl\":\"https:\/\/mav.turkeyvisas.com\/wp-content\/uploads\/2022\/04\/logo.svg\",\"width\":139,\"height\":21,\"caption\":\"TurkeyVisas.com\"},\"image\":{\"@id\":\"https:\/\/mav.turkeyvisas.com\/ar\/#\/schema\/logo\/image\/\"}}]}<\/script>\n<!-- \/ Yoast SEO Premium plugin. -->","yoast_head_json":{"title":"\u00c0 propos | TurkeyVisas.com","description":"A propos de TurkeyVisas.com - Le site Web des visas turcs est d\u00e9tenu et d\u00e9velopp\u00e9 par YOYO TRAVELS - une entreprise sp\u00e9cialis\u00e9e dans les voyages et le tourisme.","robots":{"index":"noindex","follow":"follow","max-snippet":"max-snippet:-1","max-image-preview":"max-image-preview:large","max-video-preview":"max-video-preview:-1"},"og_locale":"fr_FR","og_type":"article","og_title":"\u00c0 propos","og_description":"A propos de TurkeyVisas.com - Le site Web des visas turcs est d\u00e9tenu et d\u00e9velopp\u00e9 par YOYO TRAVELS - une entreprise sp\u00e9cialis\u00e9e dans les voyages et le tourisme.","og_url":"https:\/\/mav.turkeyvisas.com\/about-us\/","og_site_name":"TurkeyVisas.com","article_modified_time":"2024-08-16T16:27:06+00:00","twitter_card":"summary_large_image","twitter_misc":{"Dur\u00e9e de lecture estim\u00e9e":"2 minutes"},"schema":{"@context":"https:\/\/schema.org","@graph":[{"@type":"WebPage","@id":"https:\/\/mav.turkeyvisas.com\/about-us\/","url":"https:\/\/mav.turkeyvisas.com\/about-us\/","name":"\u00c0 propos | TurkeyVisas.com","isPartOf":{"@id":"https:\/\/mav.turkeyvisas.com\/ar\/#website"},"datePublished":"2022-12-09T13:05:20+00:00","dateModified":"2024-08-16T16:27:06+00:00","description":"A propos de TurkeyVisas.com - Le site Web des visas turcs est d\u00e9tenu et d\u00e9velopp\u00e9 par YOYO TRAVELS - une entreprise sp\u00e9cialis\u00e9e dans les voyages et le tourisme.","breadcrumb":{"@id":"https:\/\/mav.turkeyvisas.com\/about-us\/#breadcrumb"},"inLanguage":"fr-FR","potentialAction":[{"@type":"ReadAction","target":["https:\/\/mav.turkeyvisas.com\/about-us\/"]}]},{"@type":"BreadcrumbList","@id":"https:\/\/mav.turkeyvisas.com\/about-us\/#breadcrumb","itemListElement":[{"@type":"ListItem","position":1,"name":"Home","item":"https:\/\/mav.turkeyvisas.com\/fr\/"},{"@type":"ListItem","position":2,"name":"\u00c0 propos"}]},{"@type":"WebSite","@id":"https:\/\/mav.turkeyvisas.com\/ar\/#website","url":"https:\/\/mav.turkeyvisas.com\/ar\/","name":"TurkeyVisas.com","description":"Turkey visa online","publisher":{"@id":"https:\/\/mav.turkeyvisas.com\/ar\/#organization"},"potentialAction":[{"@type":"SearchAction","target":{"@type":"EntryPoint","urlTemplate":"https:\/\/mav.turkeyvisas.com\/ar\/?s={search_term_string}"},"query-input":{"@type":"PropertyValueSpecification","valueRequired":true,"valueName":"search_term_string"}}],"inLanguage":"fr-FR"},{"@type":"Organization","@id":"https:\/\/mav.turkeyvisas.com\/ar\/#organization","name":"TurkeyVisas.com","url":"https:\/\/mav.turkeyvisas.com\/ar\/","logo":{"@type":"ImageObject","inLanguage":"fr-FR","@id":"https:\/\/mav.turkeyvisas.com\/ar\/#\/schema\/logo\/image\/","url":"https:\/\/mav.turkeyvisas.com\/wp-content\/uploads\/2022\/04\/logo.svg","contentUrl":"https:\/\/mav.turkeyvisas.com\/wp-content\/uploads\/2022\/04\/logo.svg","width":139,"height":21,"caption":"TurkeyVisas.com"},"image":{"@id":"https:\/\/mav.turkeyvisas.com\/ar\/#\/schema\/logo\/image\/"}}]}},"_links":{"self":[{"href":"https:\/\/mav.turkeyvisas.com\/fr\/wp-json\/wp\/v2\/pages\/4136"}],"collection":[{"href":"https:\/\/mav.turkeyvisas.com\/fr\/wp-json\/wp\/v2\/pages"}],"about":[{"href":"https:\/\/mav.turkeyvisas.com\/fr\/wp-json\/wp\/v2\/types\/page"}],"author":[{"embeddable":true,"href":"https:\/\/mav.turkeyvisas.com\/fr\/wp-json\/wp\/v2\/users\/1"}],"replies":[{"embeddable":true,"href":"https:\/\/mav.turkeyvisas.com\/fr\/wp-json\/wp\/v2\/comments?post=4136"}],"version-history":[{"count":3,"href":"https:\/\/mav.turkeyvisas.com\/fr\/wp-json\/wp\/v2\/pages\/4136\/revisions"}],"predecessor-version":[{"id":6692,"href":"https:\/\/mav.turkeyvisas.com\/fr\/wp-json\/wp\/v2\/pages\/4136\/revisions\/6692"}],"wp:attachment":[{"href":"https:\/\/mav.turkeyvisas.com\/fr\/wp-json\/wp\/v2\/media?parent=4136"}],"curies":[{"name":"wp","href":"https:\/\/api.w.org\/{rel}","templated":true}]}}